{"id":2007,"date":"2017-11-18T20:05:07","date_gmt":"2017-11-18T20:05:07","guid":{"rendered":"http:\/\/abmcocktails.com\/realculinary\/home\/"},"modified":"2021-01-05T14:09:10","modified_gmt":"2021-01-05T14:09:10","slug":"home","status":"publish","type":"page","link":"https:\/\/abmcocktails.com\/real-culinary-old\/","title":{"rendered":"Home"},"content":{"rendered":"<p>[vc_row full_width=&#8221;stretch_row_content_no_spaces&#8221; el_id=&#8221;hp-top-row&#8221;][vc_column el_class=&#8221;slider-column&#8221;][vc_column_text el_class=&#8221;slider&#8221;]<div style=\"width: 100%;\" class=\"ml-slider-3-7-2 metaslider metaslider-flex metaslider-2009 ml-slider\">\n    \n    <div id=\"metaslider_container_2009\">\n        <div id=\"metaslider_2009\">\n            <ul class=\"slides\">\n                <li style=\"display: block; width: 100%;\" class=\"slide-2013 ms-image\"><img src=\"https:\/\/abmcocktails.com\/wp-content2\/uploads\/sites\/18\/2020\/11\/ChefLamas099-3-1440x656.jpg\" height=\"875\" width=\"1920\" alt=\"\" class=\"slider-2009 slide-2013\" \/><\/li>\n                <li style=\"display: none; width: 100%;\" class=\"slide-2014 ms-image\"><img src=\"https:\/\/abmcocktails.com\/wp-content2\/uploads\/sites\/18\/2020\/11\/ChefLamas099-2-1440x656.jpg\" height=\"875\" width=\"1920\" alt=\"\" class=\"slider-2009 slide-2014\" \/><\/li>\n                <li style=\"display: none; width: 100%;\" class=\"slide-2015 ms-image\"><img src=\"https:\/\/abmcocktails.com\/wp-content2\/uploads\/sites\/18\/2020\/11\/ChefLamas099-1-1440x656.jpg\" height=\"875\" width=\"1920\" alt=\"\" class=\"slider-2009 slide-2015\" \/><\/li>\n            <\/ul>\n        <\/div>\n        \n    <\/div>\n<\/div>[\/vc_column_text][vc_raw_html css=&#8221;.vc_custom_1609827366021{margin-bottom: 0px !important;}&#8221;]JTNDZGl2JTIwY2xhc3MlM0QlMjJtZXRhc2xpZGVyJTIyJTIwc3R5bGUlM0QlMjJwb3NpdGlvbiUzQXN0YXRpYyUzQnotaW5kZXglM0FhdXRvJTNCJTIyJTNFJTBBJTNDZGl2JTIwY2xhc3MlM0QlMjJjYXB0aW9uLXdyYXAlMjIlM0UlMEElM0NkaXYlMjBjbGFzcyUzRCUyMmNhcHRpb24lMjIlMjAlM0UlMEElM0NoMSUyMGNsYXNzJTNEJTIyc2xpZGVyLWgxJTIyJTIwc3R5bGUlM0QlMjJjb2xvciUzQXdoaXRlJTNCbGluZS1oZWlnaHQlM0ElMjA2NHB4JTNCJTIyJTNFT3Bwb3J0dW5pdGllcyUyMGFyZSUyMGVuZGxlc3MlMjB3aXRoJTIwUmUlQzMlQTBsJTIwQ3VsaW5hcnklMjBJbmdyZWRpZW50cyUzQyUyRmgxJTNFJTBBJTNDYSUyMGhyZWYlM0QlMjIlMkZwdXJlZS1qb3VybmV5JTJGJTIyJTIwY2xhc3MlM0QlMjJidXR0b24td2hpdGUlMjIlM0VMRUFSTiUyME1PUkUlM0MlMkZhJTNFJTBBJTNDJTJGZGl2JTNFJTBBJTNDJTJGZGl2JTNFJTBBJTNDJTJGZGl2JTNF[\/vc_raw_html][\/vc_column][\/vc_row][vc_row equal_height=&#8221;yes&#8221; css=&#8221;.vc_custom_1605233938202{margin-bottom: 0px !important;}&#8221;][vc_column width=&#8221;1\/3&#8243; css=&#8221;.vc_custom_1604240026466{background-position: center !important;background-repeat: no-repeat !important;background-size: cover !important;}&#8221; offset=&#8221;vc_col-md-6&#8243;][vc_single_image image=&#8221;3383&#8243; img_size=&#8221;full&#8221; css=&#8221;.vc_custom_1605234042869{margin-bottom: 0px !important;}&#8221;][\/vc_column][vc_column width=&#8221;2\/3&#8243; css=&#8221;.vc_custom_1605935068878{padding-top: 30px !important;padding-bottom: 30px !important;}&#8221; offset=&#8221;vc_col-md-6&#8243;][vc_column_text]<\/p>\n<h2><strong>TAKE IT FROM CHEF ANTHONY LAMAS<\/strong><\/h2>\n<h4>&#8220;Re\u00e0l stands up to any homemade. Put them side-by-side, and just be honest. Re\u00e0l is better.<\/h4>\n<p>Award-winning Chef Anthony Lamas has cooked at the James Beard House five times, and he was honored as a semifinalist for the James Beard Foundation\u2019s Best Chef: Southeast award in 2010, 2011 and 2012. He continues to garner significant national attention with his restaurant, Seviche, where you\u2019ll find Re\u00e0l used in a variety of delicious dishes.<\/p>\n<h6 style=\"text-align: left;\">Connect with Chef Lamas<br \/>\n<a href=\"https:\/\/twitter.com\/anthony_lamas?lang=en\"><img loading=\"lazy\" class=\"alignnone wp-image-3394 size-full\" src=\"https:\/\/abmcocktails.com\/wp-content2\/uploads\/sites\/18\/2017\/11\/Fill-1.png\" alt=\"\" width=\"16\" height=\"13\" \/><\/a>\u00a0<a href=\"https:\/\/www.facebook.com\/Chef-Anthony-Lamas-192322607492063\/\"><img loading=\"lazy\" class=\"alignnone wp-image-3393 size-full\" src=\"https:\/\/abmcocktails.com\/wp-content2\/uploads\/sites\/18\/2017\/11\/Fill-1-1.png\" alt=\"\" width=\"10\" height=\"16\" \/><\/a>\u00a0<a href=\"https:\/\/www.instagram.com\/chefanthonylamas\/?hl=en\"><img loading=\"lazy\" class=\"alignnone wp-image-3392 size-full\" src=\"https:\/\/abmcocktails.com\/wp-content2\/uploads\/sites\/18\/2017\/11\/Fill-1-2.png\" alt=\"\" width=\"16\" height=\"16\" \/><\/a>\u00a0<a href=\"https:\/\/sevicherestaurant.com\/chef-lamas\/\"><img loading=\"lazy\" class=\"alignnone wp-image-3391 size-full\" src=\"https:\/\/abmcocktails.com\/wp-content2\/uploads\/sites\/18\/2017\/11\/Fill-1-3.png\" alt=\"\" width=\"16\" height=\"16\" \/><\/a><\/h6>\n<p>[\/vc_column_text][\/vc_column][\/vc_row][vc_row full_width=&#8221;stretch_row&#8221; content_placement=&#8221;top&#8221; css=&#8221;.vc_custom_1605935039842{margin-bottom: 50px !important;background-image: url(https:\/\/abmcocktails.com\/wp-content2\/uploads\/sites\/18\/2017\/11\/Group-5-1.jpg?id=3413) !important;background-position: center !important;background-repeat: no-repeat !important;background-size: cover !important;}&#8221;][vc_column width=&#8221;1\/2&#8243; offset=&#8221;vc_col-lg-6 vc_col-md-6&#8243; css=&#8221;.vc_custom_1605233929617{padding-top: 40px !important;}&#8221;][vc_row_inner css=&#8221;.vc_custom_1605934850353{margin-top: 0px !important;margin-right: 0px !important;margin-bottom: 0px !important;margin-left: 0px !important;padding-top: 0px !important;padding-bottom: 0px !important;padding-left: 0px !important;}&#8221;][vc_column_inner offset=&#8221;vc_hidden-lg vc_hidden-md&#8221; css=&#8221;.vc_custom_1605934860915{margin-top: 0px !important;margin-right: 0px !important;margin-bottom: 0px !important;margin-left: 0px !important;padding-top: 0px !important;padding-right: 0px !important;padding-bottom: 0px !important;padding-left: 0px !important;}&#8221;][vc_single_image image=&#8221;3572&#8243; img_size=&#8221;full&#8221; alignment=&#8221;right&#8221; css=&#8221;.vc_custom_1605934974314{margin-top: 0px !important;margin-right: 0px !important;margin-bottom: 0px !important;margin-left: 0px !important;padding-top: 0px !important;padding-right: 0px !important;padding-bottom: 0px !important;padding-left: 0px !important;}&#8221;][\/vc_column_inner][\/vc_row_inner][vc_column_text]<\/p>\n<div class=\"strip-text\" style=\"max-width: 500px;\">\n<h2 style=\"font-size: 40px; margin-top: 40px;\">SIMPLY SQUEEZE<\/h2>\n<p style=\"padding-bottom: 28px;\">Made with up to 40% pure fruit and all-natural cane sugar. Squeezable, pourable and shelf-stable. The perfect solution for chefs everywhere.<\/p>\n<p><a class=\"button-white\" href=\"\/products\/\">VIEW PRODUCTS<\/a><\/p>\n<\/div>\n<p>[\/vc_column_text][\/vc_column][vc_column width=&#8221;1\/2&#8243; offset=&#8221;vc_col-lg-6 vc_col-md-6 vc_hidden-sm vc_hidden-xs&#8221;][vc_single_image image=&#8221;3572&#8243; img_size=&#8221;full&#8221; alignment=&#8221;right&#8221;][\/vc_column][\/vc_row][vc_row css=&#8221;.vc_custom_1605234135180{padding-top: 45px !important;padding-bottom: 45px !important;}&#8221; el_class=&#8221;quality-row&#8221;][vc_column width=&#8221;1\/2&#8243; el_class=&#8221;homepage-left-column quality-crafted-column&#8221;][vc_column_text]<\/p>\n<div class=\"quality-text\" style=\"text-align: right; width: 470px;\">\n<h2 style=\"width: 300px; float: right; margin-left: 170px; font: bold 32px 'Unna', serif; font-style: italic; line-height: 32px;\">perfect for culinary creations<\/h2>\n<p style=\"padding-bottom: 30px;\">Re\u00e0l started as a craft cocktail ingredient, but these pure syrups are perfect for blending, baking, glazing, grilling, and so much more.<\/p>\n<p style=\"padding-bottom: 5px;\"><a class=\"button-blue\" href=\"\/puree-journey\/\">Learn More<\/a><\/p>\n<\/div>\n<p>[\/vc_column_text][vc_single_image image=&#8221;3419&#8243; img_size=&#8221;470&#215;313&#8243; alignment=&#8221;right&#8221; el_class=&#8221;quality-image&#8221;][\/vc_column][vc_column width=&#8221;1\/2&#8243; el_class=&#8221;quality-crafted-column&#8221;][vc_single_image image=&#8221;3420&#8243; img_size=&#8221;470&#215;264&#8243; el_class=&#8221;quality-image&#8221;][vc_single_image image=&#8221;3421&#8243; img_size=&#8221;470&#215;264&#8243; el_class=&#8221;quality-image&#8221;][\/vc_column][\/vc_row][vc_row full_width=&#8221;stretch_row&#8221; content_placement=&#8221;middle&#8221; css=&#8221;.vc_custom_1605231947287{background-image: url(https:\/\/abmcocktails.com\/wp-content2\/uploads\/sites\/18\/2017\/11\/Group-10.jpg?id=3565) !important;background-position: center !important;background-repeat: no-repeat !important;background-size: cover !important;}&#8221;][vc_column width=&#8221;2\/3&#8243; offset=&#8221;vc_col-lg-8 vc_col-md-6&#8243; css=&#8221;.vc_custom_1605231939789{padding-top: 40px !important;}&#8221;][vc_row_inner css=&#8221;.vc_custom_1605935205663{margin-top: 0px !important;margin-right: 0px !important;margin-bottom: 0px !important;margin-left: 0px !important;border-top-width: 0px !important;border-right-width: 0px !important;border-bottom-width: 0px !important;border-left-width: 0px !important;padding-top: 0px !important;padding-right: 0px !important;padding-bottom: 0px !important;padding-left: 0px !important;}&#8221;][vc_column_inner css=&#8221;.vc_custom_1605935197373{margin-top: 0px !important;margin-right: 0px !important;margin-bottom: 0px !important;margin-left: 0px !important;border-top-width: 0px !important;border-right-width: 0px !important;border-bottom-width: 0px !important;border-left-width: 0px !important;padding-top: 0px !important;padding-right: 0px !important;padding-bottom: 0px !important;padding-left: 0px !important;}&#8221; offset=&#8221;vc_hidden-lg vc_hidden-md&#8221;][vc_single_image image=&#8221;3566&#8243; img_size=&#8221;full&#8221; alignment=&#8221;right&#8221; css=&#8221;.vc_custom_1605231717387{margin-top: 0px !important;margin-right: 0px !important;margin-bottom: 0px !important;margin-left: 0px !important;padding-top: 0px !important;padding-right: 0px !important;padding-bottom: 0px !important;padding-left: 0px !important;}&#8221;][\/vc_column_inner][\/vc_row_inner][vc_column_text]<\/p>\n<div class=\"strip-text\" style=\"max-width: 500px;\">\n<h2 style=\"font-size: 40px; margin-top: 40px;\">TRY IT IN A COCKTAIL<\/h2>\n<p style=\"padding-bottom: 28px;\">From a simple Pi\u00f1a Colada to the most out of this world Mai Tai, we\u2019ve curated hundreds of cocktail recipes to use this craft quality ingredient behind the bar, too.<\/p>\n<p><a class=\"button-white\" href=\"https:\/\/www.realingredients.com\/category\/drinks\" target=\"_blank\" rel=\"noopener\">EXPLORE COCKTAILS<\/a><\/p>\n<\/div>\n<p>[\/vc_column_text][\/vc_column][vc_column width=&#8221;1\/3&#8243; offset=&#8221;vc_col-lg-4 vc_col-md-6 vc_hidden-sm vc_hidden-xs&#8221; css=&#8221;.vc_custom_1605935215341{padding-top: 0px !important;padding-right: 0px !important;padding-bottom: 0px !important;padding-left: 0px !important;}&#8221;][vc_single_image image=&#8221;3566&#8243; img_size=&#8221;full&#8221; alignment=&#8221;right&#8221; css=&#8221;.vc_custom_1605231717387{margin-top: 0px !important;margin-right: 0px !important;margin-bottom: 0px !important;margin-left: 0px !important;padding-top: 0px !important;padding-right: 0px !important;padding-bottom: 0px !important;padding-left: 0px !important;}&#8221;][\/vc_column][\/vc_row][vc_row][vc_column][vc_column_text]<\/p>\n<h4>Browse curated culinary collections<\/h4>\n<p>[\/vc_column_text][\/vc_column][\/vc_row][vc_row css=&#8221;.vc_custom_1605232093470{margin-top: 40px !important;margin-bottom: 40px !important;}&#8221; el_class=&#8221;collection&#8221;][vc_column css=&#8221;.vc_custom_1604243798982{margin-top: 0px !important;margin-right: 0px !important;margin-bottom: 0px !important;margin-left: 0px !important;padding-top: 0px !important;padding-right: 0px !important;padding-bottom: 0px !important;padding-left: 0px !important;background-color: #0a0a0a !important;}&#8221; el_class=&#8221;position-relative&#8221;][vc_single_image image=&#8221;3423&#8243; img_size=&#8221;full&#8221; alignment=&#8221;right&#8221; onclick=&#8221;custom_link&#8221; el_class=&#8221;fade-img&#8221; css=&#8221;.vc_custom_1604646288510{margin-top: 0px !important;margin-right: 0px !important;margin-bottom: 0px !important;margin-left: 0px !important;padding-top: 0px !important;padding-right: 0px !important;padding-bottom: 0px !important;padding-left: 0px !important;}&#8221; link=&#8221;http:\/\/abmcocktails.com\/realculinary\/tag\/on-the-grill\/&#8221;][vc_column_text el_class=&#8221;shadow-box&#8221; css=&#8221;.vc_custom_1605234244573{padding-top: 15px !important;padding-right: 15px !important;padding-bottom: 15px !important;padding-left: 15px !important;background-color: #ffffff !important;}&#8221;]<\/p>\n<h5>RECIPE COLLECTION<\/h5>\n<h4>On the Grill<\/h4>\n<p>[\/vc_column_text][vc_btn title=&#8221;&#8221; link=&#8221;url:%2Ftag%2Fon-the-grill%2F|||&#8221; el_class=&#8221;button-full&#8221;][\/vc_column][\/vc_row][vc_row css=&#8221;.vc_custom_1605232080571{margin-top: 40px !important;margin-bottom: 40px !important;}&#8221; el_class=&#8221;collection&#8221;][vc_column css=&#8221;.vc_custom_1604243798982{margin-top: 0px !important;margin-right: 0px !important;margin-bottom: 0px !important;margin-left: 0px !important;padding-top: 0px !important;padding-right: 0px !important;padding-bottom: 0px !important;padding-left: 0px !important;background-color: #0a0a0a !important;}&#8221; el_class=&#8221;position-relative&#8221;][vc_single_image image=&#8221;3434&#8243; img_size=&#8221;full&#8221; alignment=&#8221;right&#8221; el_class=&#8221;fade-img&#8221; css=&#8221;.vc_custom_1604244214203{margin-top: 0px !important;margin-right: 0px !important;margin-bottom: 0px !important;margin-left: 0px !important;padding-top: 0px !important;padding-right: 0px !important;padding-bottom: 0px !important;padding-left: 0px !important;}&#8221;][vc_column_text el_class=&#8221;shadow-box&#8221; css=&#8221;.vc_custom_1605234228373{padding-top: 15px !important;padding-right: 15px !important;padding-bottom: 15px !important;padding-left: 15px !important;background-color: #ffffff !important;}&#8221;]<\/p>\n<h5>RECIPE COLLECTION<\/h5>\n<h4>Brunch<\/h4>\n<p>[\/vc_column_text][vc_btn title=&#8221;&#8221; link=&#8221;url:%2Ftag%2Fbrunch%2F|||&#8221; el_class=&#8221;button-full&#8221;][\/vc_column][\/vc_row][vc_row css=&#8221;.vc_custom_1605232074637{margin-top: 40px !important;margin-bottom: 100px !important;}&#8221; el_class=&#8221;collection&#8221;][vc_column css=&#8221;.vc_custom_1604243798982{margin-top: 0px !important;margin-right: 0px !important;margin-bottom: 0px !important;margin-left: 0px !important;padding-top: 0px !important;padding-right: 0px !important;padding-bottom: 0px !important;padding-left: 0px !important;background-color: #0a0a0a !important;}&#8221; el_class=&#8221;position-relative&#8221;][vc_single_image image=&#8221;3433&#8243; img_size=&#8221;full&#8221; alignment=&#8221;right&#8221; el_class=&#8221;fade-img&#8221; css=&#8221;.vc_custom_1604244249871{margin-top: 0px !important;margin-right: 0px !important;margin-bottom: 0px !important;margin-left: 0px !important;padding-top: 0px !important;padding-right: 0px !important;padding-bottom: 0px !important;padding-left: 0px !important;}&#8221;][vc_column_text el_class=&#8221;shadow-box&#8221; css=&#8221;.vc_custom_1605234214705{padding-top: 15px !important;padding-right: 15px !important;padding-bottom: 15px !important;padding-left: 15px !important;background-color: #ffffff !important;}&#8221;]<\/p>\n<h5>RECIPE COLLECTION<\/h5>\n<h4>Game Day<\/h4>\n<p>[\/vc_column_text][vc_btn title=&#8221;&#8221; link=&#8221;url:%2Ftag%2Fgame-day%2F|||&#8221; el_class=&#8221;button-full&#8221;][\/vc_column][\/vc_row]<\/p>\n","protected":false},"excerpt":{"rendered":"<p>[vc_row full_width=&#8221;stretch_row_content_no_spaces&#8221; el_id=&#8221;hp-top-row&#8221;][vc_column el_class=&#8221;slider-column&#8221;][vc_column_text el_class=&#8221;slider&#8221;][\/vc_column_text][vc_raw_html css=&#8221;.vc_custom_1609827366021{margin-bottom: 0px !important;}&#8221;]JTNDZGl2JTIwY2xhc3MlM0QlMjJtZXRhc2xpZGVyJTIyJTIwc3R5bGUlM0QlMjJwb3NpdGlvbiUzQXN0YXRpYyUzQnotaW5kZXglM0FhdXRvJTNCJTIyJTNFJTBBJTNDZGl2JTIwY2xhc3MlM0QlMjJjYXB0aW9uLXdyYXAlMjIlM0UlMEElM0NkaXYlMjBjbGFzcyUzRCUyMmNhcHRpb24lMjIlMjAlM0UlMEElM0NoMSUyMGNsYXNzJTNEJTIyc2xpZGVyLWgxJTIyJTIwc3R5bGUlM0QlMjJjb2xvciUzQXdoaXRlJTNCbGluZS1oZWlnaHQlM0ElMjA2NHB4JTNCJTIyJTNFT3Bwb3J0dW5pdGllcyUyMGFyZSUyMGVuZGxlc3MlMjB3aXRoJTIwUmUlQzMlQTBsJTIwQ3VsaW5hcnklMjBJbmdyZWRpZW50cyUzQyUyRmgxJTNFJTBBJTNDYSUyMGhyZWYlM0QlMjIlMkZwdXJlZS1qb3VybmV5JTJGJTIyJTIwY2xhc3MlM0QlMjJidXR0b24td2hpdGUlMjIlM0VMRUFSTiUyME1PUkUlM0MlMkZhJTNFJTBBJTNDJTJGZGl2JTNFJTBBJTNDJTJGZGl2JTNFJTBBJTNDJTJGZGl2JTNF[\/vc_raw_html][\/vc_column][\/vc_row][vc_row equal_height=&#8221;yes&#8221; css=&#8221;.vc_custom_1605233938202{margin-bottom: &hellip;<\/p>\n","protected":false},"author":1,"featured_media":3720,"parent":0,"menu_order":0,"comment_status":"open","ping_status":"open","template":"","meta":[],"yoast_head":"<!-- This site is optimized with the Yoast SEO plugin v17.4 - https:\/\/yoast.com\/wordpress\/plugins\/seo\/ -->\n<title>Re\u00e0l Culinary Ingredients | Re\u00e0l Culinary<\/title>\n<meta name=\"description\" content=\"Better dishes, where opportunities are endless with ingredients from Re\u00e0l Culinary.\" \/>\n<meta name=\"robots\" content=\"index, follow, max-snippet:-1, max-image-preview:large, max-video-preview:-1\" \/>\n<link rel=\"canonical\" href=\"https:\/\/abmcocktails.com\/real-culinary-old\/\" \/>\n<meta property=\"og:locale\" content=\"en_US\" \/>\n<meta property=\"og:type\" content=\"article\" \/>\n<meta property=\"og:title\" content=\"Re\u00e0l Culinary Ingredients | Re\u00e0l Culinary\" \/>\n<meta property=\"og:description\" content=\"Better dishes, where opportunities are endless with ingredients from Re\u00e0l Culinary.\" \/>\n<meta property=\"og:url\" content=\"https:\/\/abmcocktails.com\/real-culinary-old\/\" \/>\n<meta property=\"og:site_name\" content=\"Real Culinary\" \/>\n<meta property=\"article:publisher\" content=\"http:\/\/www.facebook.com\/RealCocktailIngredients\/\" \/>\n<meta property=\"article:modified_time\" content=\"2021-01-05T14:09:10+00:00\" \/>\n<meta property=\"og:image\" content=\"https:\/\/www.realculinaryingredients.com\/wp-content2\/uploads\/sites\/18\/2020\/11\/RealCulinary_logo_RGB-01.png\" \/>\n<meta name=\"twitter:card\" content=\"summary_large_image\" \/>\n<meta name=\"twitter:label1\" content=\"Est. reading time\" \/>\n\t<meta name=\"twitter:data1\" content=\"6 minutes\" \/>\n<script type=\"application\/ld+json\" class=\"yoast-schema-graph\">{\"@context\":\"https:\/\/schema.org\",\"@graph\":[{\"@type\":\"WebSite\",\"@id\":\"https:\/\/abmcocktails.com\/real-culinary-old\/#website\",\"url\":\"https:\/\/abmcocktails.com\/real-culinary-old\/\",\"name\":\"Real Culinary\",\"description\":\"Fruit infused culinary ingredients.\",\"potentialAction\":[{\"@type\":\"SearchAction\",\"target\":{\"@type\":\"EntryPoint\",\"urlTemplate\":\"https:\/\/abmcocktails.com\/real-culinary-old\/?s={search_term_string}\"},\"query-input\":\"required name=search_term_string\"}],\"inLanguage\":\"en-US\"},{\"@type\":\"ImageObject\",\"@id\":\"https:\/\/abmcocktails.com\/real-culinary-old\/#primaryimage\",\"inLanguage\":\"en-US\",\"url\":\"\",\"contentUrl\":\"\"},{\"@type\":\"WebPage\",\"@id\":\"https:\/\/abmcocktails.com\/real-culinary-old\/#webpage\",\"url\":\"https:\/\/abmcocktails.com\/real-culinary-old\/\",\"name\":\"Re\\u00e0l Culinary Ingredients | Re\\u00e0l Culinary\",\"isPartOf\":{\"@id\":\"https:\/\/abmcocktails.com\/real-culinary-old\/#website\"},\"primaryImageOfPage\":{\"@id\":\"https:\/\/abmcocktails.com\/real-culinary-old\/#primaryimage\"},\"datePublished\":\"2017-11-18T20:05:07+00:00\",\"dateModified\":\"2021-01-05T14:09:10+00:00\",\"description\":\"Better dishes, where opportunities are endless with ingredients from Re\\u00e0l Culinary.\",\"breadcrumb\":{\"@id\":\"https:\/\/abmcocktails.com\/real-culinary-old\/#breadcrumb\"},\"inLanguage\":\"en-US\",\"potentialAction\":[{\"@type\":\"ReadAction\",\"target\":[\"https:\/\/abmcocktails.com\/real-culinary-old\/\"]}]},{\"@type\":\"BreadcrumbList\",\"@id\":\"https:\/\/abmcocktails.com\/real-culinary-old\/#breadcrumb\",\"itemListElement\":[{\"@type\":\"ListItem\",\"position\":1,\"name\":\"Home\",\"item\":\"https:\/\/abmcocktails.com\/real-culinary-old\/\"},{\"@type\":\"ListItem\",\"position\":2,\"name\":\"Home\"}]}]}<\/script>\n<!-- \/ Yoast SEO plugin. -->","yoast_head_json":{"title":"Re\u00e0l Culinary Ingredients | Re\u00e0l Culinary","description":"Better dishes, where opportunities are endless with ingredients from Re\u00e0l Culinary.","robots":{"index":"index","follow":"follow","max-snippet":"max-snippet:-1","max-image-preview":"max-image-preview:large","max-video-preview":"max-video-preview:-1"},"canonical":"https:\/\/abmcocktails.com\/real-culinary-old\/","og_locale":"en_US","og_type":"article","og_title":"Re\u00e0l Culinary Ingredients | Re\u00e0l Culinary","og_description":"Better dishes, where opportunities are endless with ingredients from Re\u00e0l Culinary.","og_url":"https:\/\/abmcocktails.com\/real-culinary-old\/","og_site_name":"Real Culinary","article_publisher":"http:\/\/www.facebook.com\/RealCocktailIngredients\/","article_modified_time":"2021-01-05T14:09:10+00:00","og_image":[{"url":"https:\/\/www.realculinaryingredients.com\/wp-content2\/uploads\/sites\/18\/2020\/11\/RealCulinary_logo_RGB-01.png"}],"twitter_card":"summary_large_image","twitter_misc":{"Est. reading time":"6 minutes"},"schema":{"@context":"https:\/\/schema.org","@graph":[{"@type":"WebSite","@id":"https:\/\/abmcocktails.com\/real-culinary-old\/#website","url":"https:\/\/abmcocktails.com\/real-culinary-old\/","name":"Real Culinary","description":"Fruit infused culinary ingredients.","potentialAction":[{"@type":"SearchAction","target":{"@type":"EntryPoint","urlTemplate":"https:\/\/abmcocktails.com\/real-culinary-old\/?s={search_term_string}"},"query-input":"required name=search_term_string"}],"inLanguage":"en-US"},{"@type":"ImageObject","@id":"https:\/\/abmcocktails.com\/real-culinary-old\/#primaryimage","inLanguage":"en-US","url":"","contentUrl":""},{"@type":"WebPage","@id":"https:\/\/abmcocktails.com\/real-culinary-old\/#webpage","url":"https:\/\/abmcocktails.com\/real-culinary-old\/","name":"Re\u00e0l Culinary Ingredients | Re\u00e0l Culinary","isPartOf":{"@id":"https:\/\/abmcocktails.com\/real-culinary-old\/#website"},"primaryImageOfPage":{"@id":"https:\/\/abmcocktails.com\/real-culinary-old\/#primaryimage"},"datePublished":"2017-11-18T20:05:07+00:00","dateModified":"2021-01-05T14:09:10+00:00","description":"Better dishes, where opportunities are endless with ingredients from Re\u00e0l Culinary.","breadcrumb":{"@id":"https:\/\/abmcocktails.com\/real-culinary-old\/#breadcrumb"},"inLanguage":"en-US","potentialAction":[{"@type":"ReadAction","target":["https:\/\/abmcocktails.com\/real-culinary-old\/"]}]},{"@type":"BreadcrumbList","@id":"https:\/\/abmcocktails.com\/real-culinary-old\/#breadcrumb","itemListElement":[{"@type":"ListItem","position":1,"name":"Home","item":"https:\/\/abmcocktails.com\/real-culinary-old\/"},{"@type":"ListItem","position":2,"name":"Home"}]}]}},"_links":{"self":[{"href":"https:\/\/abmcocktails.com\/real-culinary-old\/wp-json\/wp\/v2\/pages\/2007"}],"collection":[{"href":"https:\/\/abmcocktails.com\/real-culinary-old\/wp-json\/wp\/v2\/pages"}],"about":[{"href":"https:\/\/abmcocktails.com\/real-culinary-old\/wp-json\/wp\/v2\/types\/page"}],"author":[{"embeddable":true,"href":"https:\/\/abmcocktails.com\/real-culinary-old\/wp-json\/wp\/v2\/users\/1"}],"replies":[{"embeddable":true,"href":"https:\/\/abmcocktails.com\/real-culinary-old\/wp-json\/wp\/v2\/comments?post=2007"}],"version-history":[{"count":108,"href":"https:\/\/abmcocktails.com\/real-culinary-old\/wp-json\/wp\/v2\/pages\/2007\/revisions"}],"predecessor-version":[{"id":4049,"href":"https:\/\/abmcocktails.com\/real-culinary-old\/wp-json\/wp\/v2\/pages\/2007\/revisions\/4049"}],"wp:featuredmedia":[{"embeddable":true,"href":"https:\/\/abmcocktails.com\/real-culinary-old\/wp-json\/wp\/v2\/media\/3720"}],"wp:attachment":[{"href":"https:\/\/abmcocktails.com\/real-culinary-old\/wp-json\/wp\/v2\/media?parent=2007"}],"curies":[{"name":"wp","href":"https:\/\/api.w.org\/{rel}","templated":true}]}}